{"id":8116,"date":"2021-08-25T07:26:28","date_gmt":"2021-08-25T07:26:28","guid":{"rendered":"https:\/\/jspect.ca\/a-propos-de-nous\/"},"modified":"2025-03-04T07:15:44","modified_gmt":"2025-03-04T07:15:44","slug":"a-propos-de-nous","status":"publish","type":"page","link":"https:\/\/jspect.ca\/fr\/a-propos-de-nous\/","title":{"rendered":"\u00c0 propos de nous"},"content":{"rendered":"<div class=\"wpb-content-wrapper\"><p>[vc_row css=\u00a0\u00bb.vc_custom_1647886812166{margin-top: 80px !important;}\u00a0\u00bb mobile_bg_img_hidden=\u00a0\u00bbno\u00a0\u00bb tablet_bg_img_hidden=\u00a0\u00bbno\u00a0\u00bb woodmart_parallax=\u00a0\u00bb0&Prime; woodmart_gradient_switch=\u00a0\u00bbno\u00a0\u00bb row_reverse_mobile=\u00a0\u00bb0&Prime; row_reverse_tablet=\u00a0\u00bb0&Prime; woodmart_disable_overflow=\u00a0\u00bb0&Prime; wd_z_index=\u00a0\u00bbno\u00a0\u00bb woodmart_css_id=\u00a0\u00bb6238c1d9a1aad\u00a0\u00bb responsive_spacing=\u00a0\u00bbeyJwYXJhbV90eXBlIjoid29vZG1hcnRfcmVzcG9uc2l2ZV9zcGFjaW5nIiwic2VsZWN0b3JfaWQiOiI2MjM4YzFkOWExYWFkIiwic2hvcnRjb2RlIjoidmNfcm93IiwiZGF0YSI6eyJ0YWJsZXQiOnt9LCJtb2JpbGUiOnsibWFyZ2luLWJvdHRvbSI6IjIwcHgifX19&Prime; woodmart_box_shadow=\u00a0\u00bbno\u00a0\u00bb][vc_column width=\u00a0\u00bb1\/2&Prime; css=\u00a0\u00bb.vc_custom_1647885639989{margin-bottom: 40px !important;padding-top: 0px !important;}\u00a0\u00bb mobile_bg_img_hidden=\u00a0\u00bbno\u00a0\u00bb tablet_bg_img_hidden=\u00a0\u00bbno\u00a0\u00bb woodmart_parallax=\u00a0\u00bb0&Prime; woodmart_sticky_column=\u00a0\u00bbfalse\u00a0\u00bb parallax_scroll=\u00a0\u00bbno\u00a0\u00bb mobile_reset_margin=\u00a0\u00bbno\u00a0\u00bb tablet_reset_margin=\u00a0\u00bbno\u00a0\u00bb offset=\u00a0\u00bbvc_col-md-6&Prime; wd_z_index=\u00a0\u00bbno\u00a0\u00bb woodmart_css_id=\u00a0\u00bb6238bd433e36c\u00a0\u00bb responsive_spacing=\u00a0\u00bbeyJwYXJhbV90eXBlIjoid29vZG1hcnRfcmVzcG9uc2l2ZV9zcGFjaW5nIiwic2VsZWN0b3JfaWQiOiI2MjM4YmQ0MzNlMzZjIiwic2hvcnRjb2RlIjoidmNfY29sdW1uIiwiZGF0YSI6eyJ0YWJsZXQiOnt9LCJtb2JpbGUiOnt9fX0=\u00a0\u00bb wd_collapsible_content_switcher=\u00a0\u00bbno\u00a0\u00bb wd_column_role_offcanvas_desktop=\u00a0\u00bbno\u00a0\u00bb wd_column_role_offcanvas_tablet=\u00a0\u00bbno\u00a0\u00bb wd_column_role_offcanvas_mobile=\u00a0\u00bbno\u00a0\u00bb wd_column_role_content_desktop=\u00a0\u00bbno\u00a0\u00bb wd_column_role_content_tablet=\u00a0\u00bbno\u00a0\u00bb wd_column_role_content_mobile=\u00a0\u00bbno\u00a0\u00bb woodmart_box_shadow=\u00a0\u00bbno\u00a0\u00bb]\n\t\t<div id=\"wd-623b614a1add5\" class=\"title-wrapper wd-wpb wd-set-mb reset-last-child  wd-rs-623b614a1add5 wd-title-color-primary wd-title-style-simple text-left vc_custom_1648058702862 wd-underline-colored\">\n\t\t\t\n\t\t\t<div class=\"liner-continer\">\n\t\t\t\t<h4 class=\"woodmart-title-container title  wd-font-weight- wd-fontsize-xxl\" >UNE ENTREPRISE FAMILIALE R\u00c9PUT\u00c9E \u00c0 VOTRE SERVICE<\/h4>\n\t\t\t\t\t\t\t<\/div>\n\t\t\t\n\t\t\t\n\t\t\t\n\t\t<\/div>\n\t\t\n\t\t\t\t<div id=\"wd-6238bb893affd\" class=\"wd-text-block wd-wpb reset-last-child wd-rs-6238bb893affd text-left wd-width-enabled wd-fontsize-s vc_custom_1647885199923\" style=\"--wd-max-width: 90%;\">\n\t\t\t<p><em>J-Spect a \u00e9t\u00e9 cr\u00e9\u00e9e en 1984 par Brian Crewe. \u00c0 l\u2019\u00e9poque, l\u2019entreprise portait le nom Les Entreprises Bransen. <\/em><\/p>\n\t\t<\/div>\n\t\t\t\t<div id=\"wd-6238bc456cda5\" class=\"wd-text-block wd-wpb reset-last-child wd-rs-6238bc456cda5 text-left wd-fontsize-custom vc_custom_1647885395965\">\n\t\t\t<p>Brian Crewe est rapidement devenu une r\u00e9f\u00e9rence parmi les inspecteurs en b\u00e2timent.<\/p>\n<p>Constatant le besoin d\u2019une meilleure r\u00e9glementation dans le domaine de l\u2019inspection des b\u00e2timents, Brian a reconnu l\u2019importance d\u2019un guide et de protocoles, et a \u00e9t\u00e9 parmi les fondateurs de l\u2019Association nationale des inspecteurs et experts en b\u00e2timents (ANIEB) et de l\u2019Association des experts en b\u00e2timents du Qu\u00e9bec (AEBQ).<\/p>\n<p>Tout au long de sa carri\u00e8re, il a continu\u00e9 \u00e0 \u00e9tablir des normes industrielles, ce qui a contribu\u00e9 \u00e0 faire de son entreprise et de son expertise des chefs de file dans l\u2019industrie de l\u2019inspection de b\u00e2timent<\/p>\n\t\t<\/div>\n\t\t[\/vc_column][vc_column width=\u00a0\u00bb1\/2&Prime; mobile_bg_img_hidden=\u00a0\u00bbno\u00a0\u00bb tablet_bg_img_hidden=\u00a0\u00bbno\u00a0\u00bb woodmart_parallax=\u00a0\u00bb0&Prime; woodmart_sticky_column=\u00a0\u00bbfalse\u00a0\u00bb parallax_scroll=\u00a0\u00bbno\u00a0\u00bb mobile_reset_margin=\u00a0\u00bbno\u00a0\u00bb tablet_reset_margin=\u00a0\u00bbno\u00a0\u00bb offset=\u00a0\u00bbvc_col-lg-6&Prime; wd_z_index=\u00a0\u00bbno\u00a0\u00bb woodmart_css_id=\u00a0\u00bb6238c1912ca08&Prime; responsive_spacing=\u00a0\u00bbeyJwYXJhbV90eXBlIjoid29vZG1hcnRfcmVzcG9uc2l2ZV9zcGFjaW5nIiwic2VsZWN0b3JfaWQiOiI2MjM4YzE5MTJjYTA4Iiwic2hvcnRjb2RlIjoidmNfY29sdW1uIiwiZGF0YSI6eyJ0YWJsZXQiOnsibWFyZ2luLXRvcCI6IjBweCJ9LCJtb2JpbGUiOnsibWFyZ2luLXRvcCI6IjBweCIsInBhZGRpbmctdG9wIjoiMHB4In19fQ==\u00a0\u00bb wd_collapsible_content_switcher=\u00a0\u00bbno\u00a0\u00bb wd_column_role_offcanvas_desktop=\u00a0\u00bbno\u00a0\u00bb wd_column_role_offcanvas_tablet=\u00a0\u00bbno\u00a0\u00bb wd_column_role_offcanvas_mobile=\u00a0\u00bbno\u00a0\u00bb wd_column_role_content_desktop=\u00a0\u00bbno\u00a0\u00bb wd_column_role_content_tablet=\u00a0\u00bbno\u00a0\u00bb wd_column_role_content_mobile=\u00a0\u00bbno\u00a0\u00bb woodmart_box_shadow=\u00a0\u00bbno\u00a0\u00bb css=\u00a0\u00bb.vc_custom_1647886744647{margin-top: 40px !important;background-position: center !important;background-repeat: no-repeat !important;background-size: cover !important;}\u00a0\u00bb]\t\t<div id=\"wd-6238c2482c80d\" class=\"wd-image wd-wpb wd-rs-6238c2482c80d text-right \">\n\t\t\t\n\t\t\t<img loading=\"lazy\" decoding=\"async\" width=\"1345\" height=\"865\" src=\"https:\/\/jspect.ca\/wp-content\/uploads\/2022\/03\/about-1-e1647452968876.jpg\" class=\"attachment-full size-full\" alt=\"\" srcset=\"https:\/\/jspect.ca\/wp-content\/uploads\/2022\/03\/about-1-e1647452968876.jpg 1345w, https:\/\/jspect.ca\/wp-content\/uploads\/2022\/03\/about-1-e1647452968876-400x257.jpg 400w, https:\/\/jspect.ca\/wp-content\/uploads\/2022\/03\/about-1-e1647452968876-1244x800.jpg 1244w, https:\/\/jspect.ca\/wp-content\/uploads\/2022\/03\/about-1-e1647452968876-768x494.jpg 768w, https:\/\/jspect.ca\/wp-content\/uploads\/2022\/03\/about-1-e1647452968876-860x553.jpg 860w, https:\/\/jspect.ca\/wp-content\/uploads\/2022\/03\/about-1-e1647452968876-430x277.jpg 430w, https:\/\/jspect.ca\/wp-content\/uploads\/2022\/03\/about-1-e1647452968876-700x450.jpg 700w, https:\/\/jspect.ca\/wp-content\/uploads\/2022\/03\/about-1-e1647452968876-150x96.jpg 150w\" sizes=\"auto, (max-width: 1345px) 100vw, 1345px\" \/>\n\t\t\t\t\t<\/div>\n\t\t[\/vc_column][\/vc_row][vc_row css=\u00a0\u00bb.vc_custom_1647886827203{margin-bottom: 40px !important;}\u00a0\u00bb mobile_bg_img_hidden=\u00a0\u00bbno\u00a0\u00bb tablet_bg_img_hidden=\u00a0\u00bbno\u00a0\u00bb woodmart_parallax=\u00a0\u00bb0&Prime; woodmart_gradient_switch=\u00a0\u00bbno\u00a0\u00bb row_reverse_mobile=\u00a0\u00bb0&Prime; row_reverse_tablet=\u00a0\u00bb0&Prime; woodmart_disable_overflow=\u00a0\u00bb0&Prime; wd_z_index=\u00a0\u00bbno\u00a0\u00bb woodmart_css_id=\u00a0\u00bb6238c1e592d13&Prime; responsive_spacing=\u00a0\u00bbeyJwYXJhbV90eXBlIjoid29vZG1hcnRfcmVzcG9uc2l2ZV9zcGFjaW5nIiwic2VsZWN0b3JfaWQiOiI2MjM4YzFlNTkyZDEzIiwic2hvcnRjb2RlIjoidmNfcm93IiwiZGF0YSI6eyJ0YWJsZXQiOnt9LCJtb2JpbGUiOnsibWFyZ2luLWJvdHRvbSI6IjIwcHgifX19&Prime; woodmart_box_shadow=\u00a0\u00bbno\u00a0\u00bb][vc_column mobile_bg_img_hidden=\u00a0\u00bbno\u00a0\u00bb tablet_bg_img_hidden=\u00a0\u00bbno\u00a0\u00bb woodmart_parallax=\u00a0\u00bb0&Prime; woodmart_sticky_column=\u00a0\u00bbfalse\u00a0\u00bb parallax_scroll=\u00a0\u00bbno\u00a0\u00bb mobile_reset_margin=\u00a0\u00bbno\u00a0\u00bb tablet_reset_margin=\u00a0\u00bbno\u00a0\u00bb wd_z_index=\u00a0\u00bbno\u00a0\u00bb woodmart_css_id=\u00a0\u00bb6238c15fa1c24&Prime; responsive_spacing=\u00a0\u00bbeyJwYXJhbV90eXBlIjoid29vZG1hcnRfcmVzcG9uc2l2ZV9zcGFjaW5nIiwic2VsZWN0b3JfaWQiOiI2MjM4YzE1ZmExYzI0Iiwic2hvcnRjb2RlIjoidmNfY29sdW1uIiwiZGF0YSI6eyJ0YWJsZXQiOnsibWFyZ2luLXRvcCI6IjBweCJ9LCJtb2JpbGUiOnsibWFyZ2luLXRvcCI6IjBweCIsInBhZGRpbmctdG9wIjoiMHB4In19fQ==\u00a0\u00bb wd_collapsible_content_switcher=\u00a0\u00bbno\u00a0\u00bb wd_column_role_offcanvas_desktop=\u00a0\u00bbno\u00a0\u00bb wd_column_role_offcanvas_tablet=\u00a0\u00bbno\u00a0\u00bb wd_column_role_offcanvas_mobile=\u00a0\u00bbno\u00a0\u00bb wd_column_role_content_desktop=\u00a0\u00bbno\u00a0\u00bb wd_column_role_content_tablet=\u00a0\u00bbno\u00a0\u00bb wd_column_role_content_mobile=\u00a0\u00bbno\u00a0\u00bb woodmart_box_shadow=\u00a0\u00bbno\u00a0\u00bb]\t\t<div id=\"wd-67c6a86038086\" class=\"wd-text-block wd-wpb reset-last-child wd-rs-67c6a86038086 text-left wd-fontsize-custom vc_custom_1741072538486\">\n\t\t\t<p>La fille de Brian, Andrea Jarosh, a commenc\u00e9 \u00e0 suivre les traces de son p\u00e8re \u00e0 un jeune \u00e2ge. Fid\u00e8le acolyte, elle a appris aupr\u00e8s des meilleurs et a pu assister \u00e0 des centaines d\u2019inspections de b\u00e2timents au fil des ans. Des maisons individuelles aux immeubles \u00e0 plusieurs \u00e9tages, en passant par les multiplex et les condominiums, elle combine maintenant une formation professionnelle avec son importante exp\u00e9rience pratique.<\/p>\n<p>Aujourd\u2019hui, Andrea dirige les op\u00e9rations seule, assurant l\u2019h\u00e9ritage de son p\u00e8re et gardant le nom de la famille et l\u2019entreprise en t\u00eate. J-Spect est toujours aussi pr\u00e9sent.<\/p>\n<p>Inspectrice en b\u00e2timent certifi\u00e9e membre de l\u2019ACPHQ, c\u2019est une professionnelle bilingue qui d\u00e9tient la cl\u00e9 pour prendre des d\u00e9cisions \u00e9clair\u00e9es concernant toute propri\u00e9t\u00e9 que vous poss\u00e9dez ou souhaitez acqu\u00e9rir.<\/p>\n<p>Andrea est une professionnelle appliqu\u00e9e, qui offre une approche personnalis\u00e9e et unique pour des inspections de b\u00e2timents de qualit\u00e9.<\/p>\n\t\t<\/div>\n\t\t[vc_separator color=\u00a0\u00bbcustom\u00a0\u00bb accent_color=\u00a0\u00bbrgba(10,10,10,0.12)\u00a0\u00bb css=\u00a0\u00bb.vc_custom_1615616514122{margin-bottom: 20px !important;padding-top: 10px !important;}\u00a0\u00bb][vc_row_inner content_placement=\u00a0\u00bbmiddle\u00a0\u00bb row_reverse_mobile=\u00a0\u00bb0&Prime; row_reverse_tablet=\u00a0\u00bb0&Prime;][vc_column_inner css=\u00a0\u00bb.vc_custom_1617632364304{padding-top: 0px !important;}\u00a0\u00bb]\t\t\t<div\n\t\t\t\t\t\tclass=\" wd-social-icons  wd-style-colored-alt wd-size-small social-share wd-shape-circle color-scheme-dark text-right\">\n\t\t\t\t\n\t\t\t\t\n\t\t\t\t\t\t\t\t\t<a rel=\"noopener noreferrer nofollow\" href=\"https:\/\/www.facebook.com\/sharer\/sharer.php?u=https:\/\/jspect.ca\/fr\/a-propos-de-nous\/\" target=\"_blank\" class=\" wd-social-icon social-facebook\" aria-label=\"Facebook social link\">\n\t\t\t\t\t\t<span class=\"wd-icon\"><\/span>\n\t\t\t\t\t\t\t\t\t\t\t<\/a>\n\t\t\t\t\n\t\t\t\t\t\t\t\t\t<a rel=\"noopener noreferrer nofollow\" href=\"https:\/\/x.com\/share?url=https:\/\/jspect.ca\/fr\/a-propos-de-nous\/\" target=\"_blank\" class=\" wd-social-icon social-twitter\" aria-label=\"X social link\">\n\t\t\t\t\t\t<span class=\"wd-icon\"><\/span>\n\t\t\t\t\t\t\t\t\t\t\t<\/a>\n\t\t\t\t\n\t\t\t\t\n\t\t\t\t\n\t\t\t\t\n\t\t\t\t\n\t\t\t\t\n\t\t\t\t\t\t\t\t\t<a rel=\"noopener noreferrer nofollow\" href=\"https:\/\/pinterest.com\/pin\/create\/button\/?url=https:\/\/jspect.ca\/fr\/a-propos-de-nous\/&media=https:\/\/jspect.ca\/wp-includes\/images\/media\/default.svg&description=%C3%80+propos+de+nous\" target=\"_blank\" class=\" wd-social-icon social-pinterest\" aria-label=\"Pinterest social link\">\n\t\t\t\t\t\t<span class=\"wd-icon\"><\/span>\n\t\t\t\t\t\t\t\t\t\t\t<\/a>\n\t\t\t\t\n\t\t\t\t\n\t\t\t\t\t\t\t\t\t<a rel=\"noopener noreferrer nofollow\" href=\"https:\/\/www.linkedin.com\/shareArticle?mini=true&url=https:\/\/jspect.ca\/fr\/a-propos-de-nous\/\" target=\"_blank\" class=\" wd-social-icon social-linkedin\" aria-label=\"Linkedin social link\">\n\t\t\t\t\t\t<span class=\"wd-icon\"><\/span>\n\t\t\t\t\t\t\t\t\t\t\t<\/a>\n\t\t\t\t\n\t\t\t\t\n\t\t\t\t\n\t\t\t\t\n\t\t\t\t\n\t\t\t\t\n\t\t\t\t\n\t\t\t\t\n\t\t\t\t\n\t\t\t\t\n\t\t\t\t\n\t\t\t\t\n\t\t\t\t\n\t\t\t\t\n\t\t\t\t\n\t\t\t\t\t\t\t\t\t<a rel=\"noopener noreferrer nofollow\" href=\"https:\/\/telegram.me\/share\/url?url=https:\/\/jspect.ca\/fr\/a-propos-de-nous\/\" target=\"_blank\" class=\" wd-social-icon social-tg\" aria-label=\"Telegram social link\">\n\t\t\t\t\t\t<span class=\"wd-icon\"><\/span>\n\t\t\t\t\t\t\t\t\t\t\t<\/a>\n\t\t\t\t\n\t\t\t\t\n\t\t\t<\/div>\n\n\t\t[\/vc_column_inner][\/vc_row_inner][\/vc_column][\/vc_row]<\/p>\n<\/div>","protected":false},"excerpt":{"rendered":"<p>[vc_row css=\u00a0\u00bb.vc_custom_1647886812166{margin-top: 80px !important;}\u00a0\u00bb mobile_bg_img_hidden=\u00a0\u00bbno\u00a0\u00bb tablet_bg_img_hidden=\u00a0\u00bbno\u00a0\u00bb woodmart_parallax=\u00a0\u00bb0&Prime; woodmart_gradient_switch=\u00a0\u00bbno\u00a0\u00bb row_reverse_mobile=\u00a0\u00bb0&Prime; row_reverse_tablet=\u00a0\u00bb0&Prime; woodmart_disable_overflow=\u00a0\u00bb0&Prime; wd_z_index=\u00a0\u00bbno\u00a0\u00bb woodmart_css_id=\u00a0\u00bb6238c1d9a1aad\u00a0\u00bb responsive_spacing=\u00a0\u00bbeyJwYXJhbV90eXBlIjoid29vZG1hcnRfcmVzcG9uc2l2ZV9zcGFjaW5nIiwic2VsZWN0b3JfaWQiOiI2MjM4YzFkOWExYWFkIiwic2hvcnRjb2RlIjoidmNfcm93IiwiZGF0YSI6eyJ0YWJsZXQiOnt9LCJtb2JpbGUiOnsibWFyZ2luLWJvdHRvbSI6IjIwcHgifX19&Prime; woodmart_box_shadow=\u00a0\u00bbno\u00a0\u00bb][vc_column width=\u00a0\u00bb1\/2&Prime; css=\u00a0\u00bb.vc_custom_1647885639989{margin-bottom: 40px !important;padding-top: 0px<\/p>\n","protected":false},"author":2,"featured_media":0,"parent":0,"menu_order":0,"comment_status":"closed","ping_status":"closed","template":"","meta":{"footnotes":""},"class_list":["post-8116","page","type-page","status-publish","hentry"],"yoast_head":"<!-- This site is optimized with the Yoast SEO plugin v27.5 - https:\/\/yoast.com\/product\/yoast-seo-wordpress\/ -->\n<title>\u00c0 propos de nous | J-Spect<\/title>\n<meta name=\"robots\" content=\"index, follow, max-snippet:-1, max-image-preview:large, max-video-preview:-1\" \/>\n<link rel=\"canonical\" href=\"https:\/\/jspect.ca\/fr\/a-propos-de-nous\/\" \/>\n<meta property=\"og:locale\" content=\"fr_FR\" \/>\n<meta property=\"og:type\" content=\"article\" \/>\n<meta property=\"og:title\" content=\"\u00c0 propos de nous | J-Spect\" \/>\n<meta property=\"og:description\" content=\"[vc_row css=\u00a0\u00bb.vc_custom_1647886812166{margin-top: 80px !important;}\u00a0\u00bb mobile_bg_img_hidden=\u00a0\u00bbno\u00a0\u00bb tablet_bg_img_hidden=\u00a0\u00bbno\u00a0\u00bb woodmart_parallax=\u00a0\u00bb0&Prime; woodmart_gradient_switch=\u00a0\u00bbno\u00a0\u00bb row_reverse_mobile=\u00a0\u00bb0&Prime; row_reverse_tablet=\u00a0\u00bb0&Prime; woodmart_disable_overflow=\u00a0\u00bb0&Prime; wd_z_index=\u00a0\u00bbno\u00a0\u00bb woodmart_css_id=\u00a0\u00bb6238c1d9a1aad\u00a0\u00bb responsive_spacing=\u00a0\u00bbeyJwYXJhbV90eXBlIjoid29vZG1hcnRfcmVzcG9uc2l2ZV9zcGFjaW5nIiwic2VsZWN0b3JfaWQiOiI2MjM4YzFkOWExYWFkIiwic2hvcnRjb2RlIjoidmNfcm93IiwiZGF0YSI6eyJ0YWJsZXQiOnt9LCJtb2JpbGUiOnsibWFyZ2luLWJvdHRvbSI6IjIwcHgifX19&Prime; woodmart_box_shadow=\u00a0\u00bbno\u00a0\u00bb][vc_column width=\u00a0\u00bb1\/2&Prime; css=\u00a0\u00bb.vc_custom_1647885639989{margin-bottom: 40px !important;padding-top: 0px\" \/>\n<meta property=\"og:url\" content=\"https:\/\/jspect.ca\/fr\/a-propos-de-nous\/\" \/>\n<meta property=\"og:site_name\" content=\"J-Spect\" \/>\n<meta property=\"article:modified_time\" content=\"2025-03-04T07:15:44+00:00\" \/>\n<meta name=\"twitter:card\" content=\"summary_large_image\" \/>\n<meta name=\"twitter:label1\" content=\"Dur\u00e9e de lecture estim\u00e9e\" \/>\n\t<meta name=\"twitter:data1\" content=\"2 minutes\" \/>\n<script type=\"application\/ld+json\" class=\"yoast-schema-graph\">{\"@context\":\"https:\\\/\\\/schema.org\",\"@graph\":[{\"@type\":\"WebPage\",\"@id\":\"https:\\\/\\\/jspect.ca\\\/fr\\\/a-propos-de-nous\\\/\",\"url\":\"https:\\\/\\\/jspect.ca\\\/fr\\\/a-propos-de-nous\\\/\",\"name\":\"\u00c0 propos de nous | J-Spect\",\"isPartOf\":{\"@id\":\"https:\\\/\\\/jspect.ca\\\/fr\\\/#website\"},\"datePublished\":\"2021-08-25T07:26:28+00:00\",\"dateModified\":\"2025-03-04T07:15:44+00:00\",\"breadcrumb\":{\"@id\":\"https:\\\/\\\/jspect.ca\\\/fr\\\/a-propos-de-nous\\\/#breadcrumb\"},\"inLanguage\":\"fr-FR\",\"potentialAction\":[{\"@type\":\"ReadAction\",\"target\":[\"https:\\\/\\\/jspect.ca\\\/fr\\\/a-propos-de-nous\\\/\"]}]},{\"@type\":\"BreadcrumbList\",\"@id\":\"https:\\\/\\\/jspect.ca\\\/fr\\\/a-propos-de-nous\\\/#breadcrumb\",\"itemListElement\":[{\"@type\":\"ListItem\",\"position\":1,\"name\":\"Home\",\"item\":\"https:\\\/\\\/jspect.ca\\\/fr\\\/services-dinspection-a-domicile-residentiel\\\/\"},{\"@type\":\"ListItem\",\"position\":2,\"name\":\"\u00c0 propos de nous\"}]},{\"@type\":\"WebSite\",\"@id\":\"https:\\\/\\\/jspect.ca\\\/fr\\\/#website\",\"url\":\"https:\\\/\\\/jspect.ca\\\/fr\\\/\",\"name\":\"J-Spect\",\"description\":\"Quality inspections for all types of residential buildings.\",\"potentialAction\":[{\"@type\":\"SearchAction\",\"target\":{\"@type\":\"EntryPoint\",\"urlTemplate\":\"https:\\\/\\\/jspect.ca\\\/fr\\\/?s={search_term_string}\"},\"query-input\":{\"@type\":\"PropertyValueSpecification\",\"valueRequired\":true,\"valueName\":\"search_term_string\"}}],\"inLanguage\":\"fr-FR\"}]}<\/script>\n<!-- \/ Yoast SEO plugin. -->","yoast_head_json":{"title":"\u00c0 propos de nous | J-Spect","robots":{"index":"index","follow":"follow","max-snippet":"max-snippet:-1","max-image-preview":"max-image-preview:large","max-video-preview":"max-video-preview:-1"},"canonical":"https:\/\/jspect.ca\/fr\/a-propos-de-nous\/","og_locale":"fr_FR","og_type":"article","og_title":"\u00c0 propos de nous | J-Spect","og_description":"[vc_row css=\u00a0\u00bb.vc_custom_1647886812166{margin-top: 80px !important;}\u00a0\u00bb mobile_bg_img_hidden=\u00a0\u00bbno\u00a0\u00bb tablet_bg_img_hidden=\u00a0\u00bbno\u00a0\u00bb woodmart_parallax=\u00a0\u00bb0&Prime; woodmart_gradient_switch=\u00a0\u00bbno\u00a0\u00bb row_reverse_mobile=\u00a0\u00bb0&Prime; row_reverse_tablet=\u00a0\u00bb0&Prime; woodmart_disable_overflow=\u00a0\u00bb0&Prime; wd_z_index=\u00a0\u00bbno\u00a0\u00bb woodmart_css_id=\u00a0\u00bb6238c1d9a1aad\u00a0\u00bb responsive_spacing=\u00a0\u00bbeyJwYXJhbV90eXBlIjoid29vZG1hcnRfcmVzcG9uc2l2ZV9zcGFjaW5nIiwic2VsZWN0b3JfaWQiOiI2MjM4YzFkOWExYWFkIiwic2hvcnRjb2RlIjoidmNfcm93IiwiZGF0YSI6eyJ0YWJsZXQiOnt9LCJtb2JpbGUiOnsibWFyZ2luLWJvdHRvbSI6IjIwcHgifX19&Prime; woodmart_box_shadow=\u00a0\u00bbno\u00a0\u00bb][vc_column width=\u00a0\u00bb1\/2&Prime; css=\u00a0\u00bb.vc_custom_1647885639989{margin-bottom: 40px !important;padding-top: 0px","og_url":"https:\/\/jspect.ca\/fr\/a-propos-de-nous\/","og_site_name":"J-Spect","article_modified_time":"2025-03-04T07:15:44+00:00","twitter_card":"summary_large_image","twitter_misc":{"Dur\u00e9e de lecture estim\u00e9e":"2 minutes"},"schema":{"@context":"https:\/\/schema.org","@graph":[{"@type":"WebPage","@id":"https:\/\/jspect.ca\/fr\/a-propos-de-nous\/","url":"https:\/\/jspect.ca\/fr\/a-propos-de-nous\/","name":"\u00c0 propos de nous | J-Spect","isPartOf":{"@id":"https:\/\/jspect.ca\/fr\/#website"},"datePublished":"2021-08-25T07:26:28+00:00","dateModified":"2025-03-04T07:15:44+00:00","breadcrumb":{"@id":"https:\/\/jspect.ca\/fr\/a-propos-de-nous\/#breadcrumb"},"inLanguage":"fr-FR","potentialAction":[{"@type":"ReadAction","target":["https:\/\/jspect.ca\/fr\/a-propos-de-nous\/"]}]},{"@type":"BreadcrumbList","@id":"https:\/\/jspect.ca\/fr\/a-propos-de-nous\/#breadcrumb","itemListElement":[{"@type":"ListItem","position":1,"name":"Home","item":"https:\/\/jspect.ca\/fr\/services-dinspection-a-domicile-residentiel\/"},{"@type":"ListItem","position":2,"name":"\u00c0 propos de nous"}]},{"@type":"WebSite","@id":"https:\/\/jspect.ca\/fr\/#website","url":"https:\/\/jspect.ca\/fr\/","name":"J-Spect","description":"Quality inspections for all types of residential buildings.","potentialAction":[{"@type":"SearchAction","target":{"@type":"EntryPoint","urlTemplate":"https:\/\/jspect.ca\/fr\/?s={search_term_string}"},"query-input":{"@type":"PropertyValueSpecification","valueRequired":true,"valueName":"search_term_string"}}],"inLanguage":"fr-FR"}]}},"_links":{"self":[{"href":"https:\/\/jspect.ca\/fr\/wp-json\/wp\/v2\/pages\/8116","targetHints":{"allow":["GET"]}}],"collection":[{"href":"https:\/\/jspect.ca\/fr\/wp-json\/wp\/v2\/pages"}],"about":[{"href":"https:\/\/jspect.ca\/fr\/wp-json\/wp\/v2\/types\/page"}],"author":[{"embeddable":true,"href":"https:\/\/jspect.ca\/fr\/wp-json\/wp\/v2\/users\/2"}],"replies":[{"embeddable":true,"href":"https:\/\/jspect.ca\/fr\/wp-json\/wp\/v2\/comments?post=8116"}],"version-history":[{"count":3,"href":"https:\/\/jspect.ca\/fr\/wp-json\/wp\/v2\/pages\/8116\/revisions"}],"predecessor-version":[{"id":8350,"href":"https:\/\/jspect.ca\/fr\/wp-json\/wp\/v2\/pages\/8116\/revisions\/8350"}],"wp:attachment":[{"href":"https:\/\/jspect.ca\/fr\/wp-json\/wp\/v2\/media?parent=8116"}],"curies":[{"name":"wp","href":"https:\/\/api.w.org\/{rel}","templated":true}]}}